{"id":3304,"date":"2023-06-20T11:26:54","date_gmt":"2023-06-20T15:26:54","guid":{"rendered":"https:\/\/residencelegende.com\/?page_id=3304"},"modified":"2023-08-01T15:13:08","modified_gmt":"2023-08-01T19:13:08","slug":"career","status":"publish","type":"page","link":"https:\/\/residencelegende.com\/en\/career\/","title":{"rendered":"Career"},"content":{"rendered":"\t\t<div data-elementor-type=\"wp-page\" data-elementor-id=\"3304\" class=\"elementor elementor-3304 elementor-3287\">\n\t\t\t\t\t\t<section class=\"elementor-section elementor-top-section elementor-element elementor-element-bbd118e elementor-section-boxed elementor-section-height-default elementor-section-height-default\" data-id=\"bbd118e\" data-element_type=\"section\" data-settings=\"{&quot;jet_parallax_layout_list&quot;:[],&quot;background_background&quot;:&quot;classic&quot;}\">\n\t\t\t\t\t\t\t<div class=\"elementor-background-overlay\"><\/div>\n\t\t\t\t\t\t\t<div class=\"elementor-container elementor-column-gap-default\">\n\t\t\t\t\t<div class=\"elementor-column elementor-col-100 elementor-top-column elementor-element elementor-element-b7b29eb\" data-id=\"b7b29eb\" data-element_type=\"column\">\n\t\t\t<div class=\"elementor-widget-wrap elementor-element-populated\">\n\t\t\t\t\t\t<div class=\"elementor-element elementor-element-78f2ee3 elementor-widget elementor-widget-spacer\" data-id=\"78f2ee3\" data-element_type=\"widget\" data-widget_type=\"spacer.default\">\n\t\t\t\t<div class=\"elementor-widget-container\">\n\t\t\t\t\t<div class=\"elementor-spacer\">\n\t\t\t<div class=\"elementor-spacer-inner\"><\/div>\n\t\t<\/div>\n\t\t\t\t<\/div>\n\t\t\t\t<\/div>\n\t\t\t\t\t<\/div>\n\t\t<\/div>\n\t\t\t\t\t<\/div>\n\t\t<\/section>\n\t\t\t\t<section class=\"elementor-section elementor-top-section elementor-element elementor-element-d82f95a elementor-section-boxed elementor-section-height-default elementor-section-height-default\" data-id=\"d82f95a\" data-element_type=\"section\" data-settings=\"{&quot;jet_parallax_layout_list&quot;:[],&quot;background_background&quot;:&quot;classic&quot;}\">\n\t\t\t\t\t\t<div class=\"elementor-container elementor-column-gap-default\">\n\t\t\t\t\t<div class=\"elementor-column elementor-col-100 elementor-top-column elementor-element elementor-element-bc42a1d\" data-id=\"bc42a1d\" data-element_type=\"column\">\n\t\t\t<div class=\"elementor-widget-wrap elementor-element-populated\">\n\t\t\t\t\t\t<div class=\"elementor-element elementor-element-54b8a27 elementor-widget elementor-widget-heading\" data-id=\"54b8a27\" data-element_type=\"widget\" data-widget_type=\"heading.default\">\n\t\t\t\t<div class=\"elementor-widget-container\">\n\t\t\t<h2 class=\"elementor-heading-title elementor-size-default\">Pursue your career<\/h2>\t\t<\/div>\n\t\t\t\t<\/div>\n\t\t\t\t\t<\/div>\n\t\t<\/div>\n\t\t\t\t\t<\/div>\n\t\t<\/section>\n\t\t\t\t<section class=\"elementor-section elementor-top-section elementor-element elementor-element-f755f8b elementor-section-boxed elementor-section-height-default elementor-section-height-default\" data-id=\"f755f8b\" data-element_type=\"section\" data-settings=\"{&quot;jet_parallax_layout_list&quot;:[]}\">\n\t\t\t\t\t\t<div class=\"elementor-container elementor-column-gap-default\">\n\t\t\t\t\t<div class=\"elementor-column elementor-col-100 elementor-top-column elementor-element elementor-element-03f06d9\" data-id=\"03f06d9\" data-element_type=\"column\">\n\t\t\t<div class=\"elementor-widget-wrap elementor-element-populated\">\n\t\t\t\t\t\t<div class=\"elementor-element elementor-element-851516d elementor-widget elementor-widget-spacer\" data-id=\"851516d\" data-element_type=\"widget\" data-widget_type=\"spacer.default\">\n\t\t\t\t<div class=\"elementor-widget-container\">\n\t\t\t\t\t<div class=\"elementor-spacer\">\n\t\t\t<div class=\"elementor-spacer-inner\"><\/div>\n\t\t<\/div>\n\t\t\t\t<\/div>\n\t\t\t\t<\/div>\n\t\t\t\t<div class=\"elementor-element elementor-element-b6b838b elementor-widget elementor-widget-text-editor\" data-id=\"b6b838b\" data-element_type=\"widget\" data-widget_type=\"text-editor.default\">\n\t\t\t\t<div class=\"elementor-widget-container\">\n\t\t\t\t\t\t\t<p>Residents come to L\u00e9gende residence to continue to write their story in the heart of a unique living environment rooted in tradition. For this to happen, they must rely on an experienced team comprised of talented individuals from all horizons. Do you strive to be a difference maker? Are you proactive and blessed with legendary empathy? Then you should pursue a career at L\u00e9gende residence. So don\u2019t delay and submit your application today.<\/p><p>\u00a0<\/p><p>L\u00e9gende residence is located in Greenfield Park, on the outskirts of Longueuil, across from Charles-Le Moyne hospital. An enviable geographic location where all the services and conveniences are available within minutes. The residence offers a stimulating and rewarding work environment.<\/p><p>\u00a0<\/p><p>So, ready to pursue your career?<\/p>\t\t\t\t\t\t<\/div>\n\t\t\t\t<\/div>\n\t\t\t\t<div class=\"elementor-element elementor-element-c25a7c6 elementor-widget elementor-widget-spacer\" data-id=\"c25a7c6\" data-element_type=\"widget\" data-widget_type=\"spacer.default\">\n\t\t\t\t<div class=\"elementor-widget-container\">\n\t\t\t\t\t<div class=\"elementor-spacer\">\n\t\t\t<div class=\"elementor-spacer-inner\"><\/div>\n\t\t<\/div>\n\t\t\t\t<\/div>\n\t\t\t\t<\/div>\n\t\t\t\t<div class=\"elementor-element elementor-element-792df94 elementor-widget elementor-widget-text-editor\" data-id=\"792df94\" data-element_type=\"widget\" data-widget_type=\"text-editor.default\">\n\t\t\t\t<div class=\"elementor-widget-container\">\n\t\t\t\t\t\t\t<p><b>If you have any questions regarding the job postings, please call<br \/><\/b><\/p><p>450-923-9595<\/p>\t\t\t\t\t\t<\/div>\n\t\t\t\t<\/div>\n\t\t\t\t<div class=\"elementor-element elementor-element-64d1bf6 elementor-widget elementor-widget-spacer\" data-id=\"64d1bf6\" data-element_type=\"widget\" data-widget_type=\"spacer.default\">\n\t\t\t\t<div class=\"elementor-widget-container\">\n\t\t\t\t\t<div class=\"elementor-spacer\">\n\t\t\t<div class=\"elementor-spacer-inner\"><\/div>\n\t\t<\/div>\n\t\t\t\t<\/div>\n\t\t\t\t<\/div>\n\t\t\t\t\t<\/div>\n\t\t<\/div>\n\t\t\t\t\t<\/div>\n\t\t<\/section>\n\t\t\t\t<section class=\"elementor-section elementor-top-section elementor-element elementor-element-0c382f2 elementor-section-boxed elementor-section-height-default elementor-section-height-default\" data-id=\"0c382f2\" data-element_type=\"section\" data-settings=\"{&quot;jet_parallax_layout_list&quot;:[]}\">\n\t\t\t\t\t\t<div class=\"elementor-container elementor-column-gap-default\">\n\t\t\t\t\t<div class=\"elementor-column elementor-col-33 elementor-top-column elementor-element elementor-element-9dfd40a\" data-id=\"9dfd40a\" data-element_type=\"column\">\n\t\t\t<div class=\"elementor-widget-wrap elementor-element-populated\">\n\t\t\t\t\t\t<div class=\"elementor-element elementor-element-1c7fbfa elementor-widget elementor-widget-heading\" data-id=\"1c7fbfa\" data-element_type=\"widget\" data-widget_type=\"heading.default\">\n\t\t\t\t<div class=\"elementor-widget-container\">\n\t\t\t<h2 class=\"elementor-heading-title elementor-size-default\">Food Services<\/h2>\t\t<\/div>\n\t\t\t\t<\/div>\n\t\t\t\t<div class=\"elementor-element elementor-element-a82f02f elementor-widget elementor-widget-text-editor\" data-id=\"a82f02f\" data-element_type=\"widget\" data-widget_type=\"text-editor.default\">\n\t\t\t\t<div class=\"elementor-widget-container\">\n\t\t\t\t\t\t\t<ul><li>Cooks and Assistant Cooks<\/li><li>Servers and Dishwashers<\/li><li>Supervisor<\/li><li>Director<\/li><\/ul>\t\t\t\t\t\t<\/div>\n\t\t\t\t<\/div>\n\t\t\t\t\t<\/div>\n\t\t<\/div>\n\t\t\t\t<div class=\"elementor-column elementor-col-33 elementor-top-column elementor-element elementor-element-61c0f5d\" data-id=\"61c0f5d\" data-element_type=\"column\">\n\t\t\t<div class=\"elementor-widget-wrap elementor-element-populated\">\n\t\t\t\t\t\t<div class=\"elementor-element elementor-element-8b45514 elementor-widget elementor-widget-heading\" data-id=\"8b45514\" data-element_type=\"widget\" data-widget_type=\"heading.default\">\n\t\t\t\t<div class=\"elementor-widget-container\">\n\t\t\t<h2 class=\"elementor-heading-title elementor-size-default\">Care Services<\/h2>\t\t<\/div>\n\t\t\t\t<\/div>\n\t\t\t\t<div class=\"elementor-element elementor-element-f9a1f87 elementor-widget elementor-widget-text-editor\" data-id=\"f9a1f87\" data-element_type=\"widget\" data-widget_type=\"text-editor.default\">\n\t\t\t\t<div class=\"elementor-widget-container\">\n\t\t\t\t\t\t\t<ul><li>Nurses<\/li><li>Practical nurses<\/li><li>Resident attendants<\/li><\/ul>\t\t\t\t\t\t<\/div>\n\t\t\t\t<\/div>\n\t\t\t\t\t<\/div>\n\t\t<\/div>\n\t\t\t\t<div class=\"elementor-column elementor-col-33 elementor-top-column elementor-element elementor-element-b4e7a61\" data-id=\"b4e7a61\" data-element_type=\"column\">\n\t\t\t<div class=\"elementor-widget-wrap elementor-element-populated\">\n\t\t\t\t\t\t<div class=\"elementor-element elementor-element-ea44ec6 elementor-widget elementor-widget-heading\" data-id=\"ea44ec6\" data-element_type=\"widget\" data-widget_type=\"heading.default\">\n\t\t\t\t<div class=\"elementor-widget-container\">\n\t\t\t<h2 class=\"elementor-heading-title elementor-size-default\">Maintenance and Housekeeping<\/h2>\t\t<\/div>\n\t\t\t\t<\/div>\n\t\t\t\t<div class=\"elementor-element elementor-element-5549ba4 elementor-widget elementor-widget-text-editor\" data-id=\"5549ba4\" data-element_type=\"widget\" data-widget_type=\"text-editor.default\">\n\t\t\t\t<div class=\"elementor-widget-container\">\n\t\t\t\t\t\t\t<ul><li>Housekeeping Service<\/li><li>Supervisors<\/li><li>Director<\/li><\/ul>\t\t\t\t\t\t<\/div>\n\t\t\t\t<\/div>\n\t\t\t\t\t<\/div>\n\t\t<\/div>\n\t\t\t\t\t<\/div>\n\t\t<\/section>\n\t\t\t\t<section class=\"elementor-section elementor-top-section elementor-element elementor-element-934c981 elementor-section-boxed elementor-section-height-default elementor-section-height-default\" data-id=\"934c981\" data-element_type=\"section\" data-settings=\"{&quot;jet_parallax_layout_list&quot;:[]}\">\n\t\t\t\t\t\t<div class=\"elementor-container elementor-column-gap-default\">\n\t\t\t\t\t<div class=\"elementor-column elementor-col-100 elementor-top-column elementor-element elementor-element-ab089b6\" data-id=\"ab089b6\" data-element_type=\"column\">\n\t\t\t<div class=\"elementor-widget-wrap elementor-element-populated\">\n\t\t\t\t\t\t<div class=\"elementor-element elementor-element-47e2256 elementor-widget elementor-widget-spacer\" data-id=\"47e2256\" data-element_type=\"widget\" data-widget_type=\"spacer.default\">\n\t\t\t\t<div class=\"elementor-widget-container\">\n\t\t\t\t\t<div class=\"elementor-spacer\">\n\t\t\t<div class=\"elementor-spacer-inner\"><\/div>\n\t\t<\/div>\n\t\t\t\t<\/div>\n\t\t\t\t<\/div>\n\t\t\t\t<div class=\"elementor-element elementor-element-6eb1794 elementor-widget elementor-widget-text-editor\" data-id=\"6eb1794\" data-element_type=\"widget\" data-widget_type=\"text-editor.default\">\n\t\t\t\t<div class=\"elementor-widget-container\">\n\t\t\t\t\t\t\t<p>Working in a residence managed by Chartwell means contributing to the health, happiness and peace of mind of our residents and their families. Visit Chartwell\u2019s Career site to see the job opportunities that could make a difference in your life.<\/p>\t\t\t\t\t\t<\/div>\n\t\t\t\t<\/div>\n\t\t\t\t\t<\/div>\n\t\t<\/div>\n\t\t\t\t\t<\/div>\n\t\t<\/section>\n\t\t\t\t<section class=\"elementor-section elementor-top-section elementor-element elementor-element-0385f6a elementor-section-boxed elementor-section-height-default elementor-section-height-default\" data-id=\"0385f6a\" data-element_type=\"section\" data-settings=\"{&quot;jet_parallax_layout_list&quot;:[]}\">\n\t\t\t\t\t\t<div class=\"elementor-container elementor-column-gap-default\">\n\t\t\t\t\t<div class=\"elementor-column elementor-col-33 elementor-top-column elementor-element elementor-element-a39871c\" data-id=\"a39871c\" data-element_type=\"column\">\n\t\t\t<div class=\"elementor-widget-wrap\">\n\t\t\t\t\t\t\t<\/div>\n\t\t<\/div>\n\t\t\t\t<div class=\"elementor-column elementor-col-33 elementor-top-column elementor-element elementor-element-8917767\" data-id=\"8917767\" data-element_type=\"column\">\n\t\t\t<div class=\"elementor-widget-wrap elementor-element-populated\">\n\t\t\t\t\t\t<div class=\"elementor-element elementor-element-23ee322 elementor-align-center elementor-widget elementor-widget-button\" data-id=\"23ee322\" data-element_type=\"widget\" data-widget_type=\"button.default\">\n\t\t\t\t<div class=\"elementor-widget-container\">\n\t\t\t\t\t<div class=\"elementor-button-wrapper\">\n\t\t\t<a class=\"elementor-button elementor-button-link elementor-size-sm\" href=\"https:\/\/jobs.chartwell.com\/#fr-CA\/sites\/CX_1001\/requisitions?location=Quebec%2C+QC%2C+Canada&#038;locationId=100000000299082&#038;locationLevel=city&#038;mode=job-location&#038;radius=25&#038;radiusUnit=KM\">\n\t\t\t\t\t\t<span class=\"elementor-button-content-wrapper\">\n\t\t\t\t\t\t<span class=\"elementor-button-text\">See available positions<\/span>\n\t\t<\/span>\n\t\t\t\t\t<\/a>\n\t\t<\/div>\n\t\t\t\t<\/div>\n\t\t\t\t<\/div>\n\t\t\t\t\t<\/div>\n\t\t<\/div>\n\t\t\t\t<div class=\"elementor-column elementor-col-33 elementor-top-column elementor-element elementor-element-0adf1e1\" data-id=\"0adf1e1\" data-element_type=\"column\">\n\t\t\t<div class=\"elementor-widget-wrap\">\n\t\t\t\t\t\t\t<\/div>\n\t\t<\/div>\n\t\t\t\t\t<\/div>\n\t\t<\/section>\n\t\t\t\t<section class=\"elementor-section elementor-top-section elementor-element elementor-element-9f0a851 elementor-section-boxed elementor-section-height-default elementor-section-height-default\" data-id=\"9f0a851\" data-element_type=\"section\" data-settings=\"{&quot;jet_parallax_layout_list&quot;:[]}\">\n\t\t\t\t\t\t<div class=\"elementor-container elementor-column-gap-default\">\n\t\t\t\t\t<div class=\"elementor-column elementor-col-100 elementor-top-column elementor-element elementor-element-0842ac5\" data-id=\"0842ac5\" data-element_type=\"column\">\n\t\t\t<div class=\"elementor-widget-wrap elementor-element-populated\">\n\t\t\t\t\t\t<div class=\"elementor-element elementor-element-fe95c78 elementor-widget elementor-widget-spacer\" data-id=\"fe95c78\" data-element_type=\"widget\" data-widget_type=\"spacer.default\">\n\t\t\t\t<div class=\"elementor-widget-container\">\n\t\t\t\t\t<div class=\"elementor-spacer\">\n\t\t\t<div class=\"elementor-spacer-inner\"><\/div>\n\t\t<\/div>\n\t\t\t\t<\/div>\n\t\t\t\t<\/div>\n\t\t\t\t\t<\/div>\n\t\t<\/div>\n\t\t\t\t\t<\/div>\n\t\t<\/section>\n\t\t\t\t<\/div>\n\t\t","protected":false},"excerpt":{"rendered":"<p>Pursue your career Residents come to L\u00e9gende residence to continue to write their story in the heart of a unique living environment rooted in tradition. For this to happen, they must rely on an experienced team comprised of talented individuals from all horizons. Do you strive to be a difference maker? Are you proactive and [&hellip;]<\/p>\n","protected":false},"author":9,"featured_media":0,"parent":0,"menu_order":0,"comment_status":"closed","ping_status":"closed","template":"","meta":{"footnotes":""},"class_list":["post-3304","page","type-page","status-publish","hentry"],"acf":[],"yoast_head":"<!-- This site is optimized with the Yoast SEO plugin v22.0 - https:\/\/yoast.com\/wordpress\/plugins\/seo\/ -->\n<title>Career - R\u00e9sidence L\u00e9gende<\/title>\n<meta name=\"robots\" content=\"index, follow, max-snippet:-1, max-image-preview:large, max-video-preview:-1\" \/>\n<link rel=\"canonical\" href=\"https:\/\/residencelegende.com\/en\/career\/\" \/>\n<meta property=\"og:locale\" content=\"en_US\" \/>\n<meta property=\"og:type\" content=\"article\" \/>\n<meta property=\"og:title\" content=\"Career - R\u00e9sidence L\u00e9gende\" \/>\n<meta property=\"og:description\" content=\"Pursue your career Residents come to L\u00e9gende residence to continue to write their story in the heart of a unique living environment rooted in tradition. For this to happen, they must rely on an experienced team comprised of talented individuals from all horizons. Do you strive to be a difference maker? Are you proactive and [&hellip;]\" \/>\n<meta property=\"og:url\" content=\"https:\/\/residencelegende.com\/en\/career\/\" \/>\n<meta property=\"og:site_name\" content=\"R\u00e9sidence L\u00e9gende\" \/>\n<meta property=\"article:publisher\" content=\"https:\/\/www.facebook.com\/residencelegende\" \/>\n<meta property=\"article:modified_time\" content=\"2023-08-01T19:13:08+00:00\" \/>\n<meta name=\"twitter:card\" content=\"summary_large_image\" \/>\n<meta name=\"twitter:label1\" content=\"Est. reading time\" \/>\n\t<meta name=\"twitter:data1\" content=\"1 minute\" \/>\n<script type=\"application\/ld+json\" class=\"yoast-schema-graph\">{\"@context\":\"https:\/\/schema.org\",\"@graph\":[{\"@type\":\"WebPage\",\"@id\":\"https:\/\/residencelegende.com\/en\/career\/\",\"url\":\"https:\/\/residencelegende.com\/en\/career\/\",\"name\":\"Career - R\u00e9sidence L\u00e9gende\",\"isPartOf\":{\"@id\":\"https:\/\/residencelegende.com\/#website\"},\"datePublished\":\"2023-06-20T15:26:54+00:00\",\"dateModified\":\"2023-08-01T19:13:08+00:00\",\"breadcrumb\":{\"@id\":\"https:\/\/residencelegende.com\/en\/career\/#breadcrumb\"},\"inLanguage\":\"en-CA\",\"potentialAction\":[{\"@type\":\"ReadAction\",\"target\":[\"https:\/\/residencelegende.com\/en\/career\/\"]}]},{\"@type\":\"BreadcrumbList\",\"@id\":\"https:\/\/residencelegende.com\/en\/career\/#breadcrumb\",\"itemListElement\":[{\"@type\":\"ListItem\",\"position\":1,\"name\":\"Accueil\",\"item\":\"https:\/\/residencelegende.com\/en\/\"},{\"@type\":\"ListItem\",\"position\":2,\"name\":\"Career\"}]},{\"@type\":\"WebSite\",\"@id\":\"https:\/\/residencelegende.com\/#website\",\"url\":\"https:\/\/residencelegende.com\/\",\"name\":\"R\u00e9sidence L\u00e9gende\",\"description\":\"Poursuivez votre r\u00e9cit...\",\"publisher\":{\"@id\":\"https:\/\/residencelegende.com\/#organization\"},\"potentialAction\":[{\"@type\":\"SearchAction\",\"target\":{\"@type\":\"EntryPoint\",\"urlTemplate\":\"https:\/\/residencelegende.com\/?s={search_term_string}\"},\"query-input\":\"required name=search_term_string\"}],\"inLanguage\":\"en-CA\"},{\"@type\":\"Organization\",\"@id\":\"https:\/\/residencelegende.com\/#organization\",\"name\":\"R\u00e9sidence L\u00e9gende\",\"url\":\"https:\/\/residencelegende.com\/\",\"logo\":{\"@type\":\"ImageObject\",\"inLanguage\":\"en-CA\",\"@id\":\"https:\/\/residencelegende.com\/#\/schema\/logo\/image\/\",\"url\":\"https:\/\/residencelegende.com\/wp-content\/uploads\/2022\/10\/Logo-Legende-vf_Chartwell_COLOR-2-1.png\",\"contentUrl\":\"https:\/\/residencelegende.com\/wp-content\/uploads\/2022\/10\/Logo-Legende-vf_Chartwell_COLOR-2-1.png\",\"width\":171,\"height\":200,\"caption\":\"R\u00e9sidence L\u00e9gende\"},\"image\":{\"@id\":\"https:\/\/residencelegende.com\/#\/schema\/logo\/image\/\"},\"sameAs\":[\"https:\/\/www.facebook.com\/residencelegende\"]}]}<\/script>\n<!-- \/ Yoast SEO plugin. -->","yoast_head_json":{"title":"Career - R\u00e9sidence L\u00e9gende","robots":{"index":"index","follow":"follow","max-snippet":"max-snippet:-1","max-image-preview":"max-image-preview:large","max-video-preview":"max-video-preview:-1"},"canonical":"https:\/\/residencelegende.com\/en\/career\/","og_locale":"en_US","og_type":"article","og_title":"Career - R\u00e9sidence L\u00e9gende","og_description":"Pursue your career Residents come to L\u00e9gende residence to continue to write their story in the heart of a unique living environment rooted in tradition. For this to happen, they must rely on an experienced team comprised of talented individuals from all horizons. Do you strive to be a difference maker? Are you proactive and [&hellip;]","og_url":"https:\/\/residencelegende.com\/en\/career\/","og_site_name":"R\u00e9sidence L\u00e9gende","article_publisher":"https:\/\/www.facebook.com\/residencelegende","article_modified_time":"2023-08-01T19:13:08+00:00","twitter_card":"summary_large_image","twitter_misc":{"Est. reading time":"1 minute"},"schema":{"@context":"https:\/\/schema.org","@graph":[{"@type":"WebPage","@id":"https:\/\/residencelegende.com\/en\/career\/","url":"https:\/\/residencelegende.com\/en\/career\/","name":"Career - R\u00e9sidence L\u00e9gende","isPartOf":{"@id":"https:\/\/residencelegende.com\/#website"},"datePublished":"2023-06-20T15:26:54+00:00","dateModified":"2023-08-01T19:13:08+00:00","breadcrumb":{"@id":"https:\/\/residencelegende.com\/en\/career\/#breadcrumb"},"inLanguage":"en-CA","potentialAction":[{"@type":"ReadAction","target":["https:\/\/residencelegende.com\/en\/career\/"]}]},{"@type":"BreadcrumbList","@id":"https:\/\/residencelegende.com\/en\/career\/#breadcrumb","itemListElement":[{"@type":"ListItem","position":1,"name":"Accueil","item":"https:\/\/residencelegende.com\/en\/"},{"@type":"ListItem","position":2,"name":"Career"}]},{"@type":"WebSite","@id":"https:\/\/residencelegende.com\/#website","url":"https:\/\/residencelegende.com\/","name":"R\u00e9sidence L\u00e9gende","description":"Poursuivez votre r\u00e9cit...","publisher":{"@id":"https:\/\/residencelegende.com\/#organization"},"potentialAction":[{"@type":"SearchAction","target":{"@type":"EntryPoint","urlTemplate":"https:\/\/residencelegende.com\/?s={search_term_string}"},"query-input":"required name=search_term_string"}],"inLanguage":"en-CA"},{"@type":"Organization","@id":"https:\/\/residencelegende.com\/#organization","name":"R\u00e9sidence L\u00e9gende","url":"https:\/\/residencelegende.com\/","logo":{"@type":"ImageObject","inLanguage":"en-CA","@id":"https:\/\/residencelegende.com\/#\/schema\/logo\/image\/","url":"https:\/\/residencelegende.com\/wp-content\/uploads\/2022\/10\/Logo-Legende-vf_Chartwell_COLOR-2-1.png","contentUrl":"https:\/\/residencelegende.com\/wp-content\/uploads\/2022\/10\/Logo-Legende-vf_Chartwell_COLOR-2-1.png","width":171,"height":200,"caption":"R\u00e9sidence L\u00e9gende"},"image":{"@id":"https:\/\/residencelegende.com\/#\/schema\/logo\/image\/"},"sameAs":["https:\/\/www.facebook.com\/residencelegende"]}]}},"_links":{"self":[{"href":"https:\/\/residencelegende.com\/en\/wp-json\/wp\/v2\/pages\/3304","targetHints":{"allow":["GET"]}}],"collection":[{"href":"https:\/\/residencelegende.com\/en\/wp-json\/wp\/v2\/pages"}],"about":[{"href":"https:\/\/residencelegende.com\/en\/wp-json\/wp\/v2\/types\/page"}],"author":[{"embeddable":true,"href":"https:\/\/residencelegende.com\/en\/wp-json\/wp\/v2\/users\/9"}],"replies":[{"embeddable":true,"href":"https:\/\/residencelegende.com\/en\/wp-json\/wp\/v2\/comments?post=3304"}],"version-history":[{"count":0,"href":"https:\/\/residencelegende.com\/en\/wp-json\/wp\/v2\/pages\/3304\/revisions"}],"wp:attachment":[{"href":"https:\/\/residencelegende.com\/en\/wp-json\/wp\/v2\/media?parent=3304"}],"curies":[{"name":"wp","href":"https:\/\/api.w.org\/{rel}","templated":true}]}}